{"id":383,"date":"2012-04-15T14:54:03","date_gmt":"2012-04-15T14:54:03","guid":{"rendered":"http:\/\/www.daniellinton-france.com\/?page_id=383"},"modified":"2022-12-29T21:51:12","modified_gmt":"2022-12-29T19:51:12","slug":"audio-video","status":"publish","type":"page","link":"https:\/\/www.daniellinton-france.com\/?page_id=383","title":{"rendered":"Audio \/ Video"},"content":{"rendered":"<p><img loading=\"lazy\" decoding=\"async\" class=\"alignnone wp-image-760 size-full\" src=\"https:\/\/www.daniellinton-france.com\/wp-content\/uploads\/audio_video.jpg\" alt=\"\" width=\"749\" height=\"393\" srcset=\"https:\/\/www.daniellinton-france.com\/wp-content\/uploads\/audio_video.jpg 749w, https:\/\/www.daniellinton-france.com\/wp-content\/uploads\/audio_video-150x79.jpg 150w, https:\/\/www.daniellinton-france.com\/wp-content\/uploads\/audio_video-300x157.jpg 300w\" sizes=\"auto, (max-width: 749px) 100vw, 749px\" \/><\/p>\n<p>&#8220;Episoden von Kerel und Galvin&#8221; &#8211; eine kurze Reiseoper von Daniel Linton-France<\/p>\n<p>\u00a0<a href=\"https:\/\/mediathek.mdw.ac.at\/episodenkerel\">https:\/\/mediathek.mdw.ac.at\/episodenkerel<\/a><\/p>\n<p>\u00a0<\/p>\n<table style=\"font-size: 120%;\" cellspacing=\"4\">\n<tbody>\n<tr>\n<td>&#8220;Die Seejungfrau&#8221; von Alexander Zemlinsky, Dirigent: Daniel Linton-France\n<p>\u00a0<\/p>\n<p><iframe loading=\"lazy\" src=\"\/\/www.youtube.com\/embed\/TUrIjgyoCso?rel=0\" width=\"749\" height=\"421\" frameborder=\"0\" allowfullscreen=\"allowfullscreen\"><\/iframe><\/p>\n<\/td>\n<\/tr>\n<tr>\n<td>\n<p>Ausz\u00fcge aus Cosi fan tutte von W.A. Mozart, Dirigent: Daniel Linton-France<\/p>\n<p><iframe loading=\"lazy\" src=\"\/\/www.youtube.com\/embed\/N_S9y0xB4KQ?rel=0\" width=\"749\" height=\"421\" frameborder=\"0\" allowfullscreen=\"allowfullscreen\"><\/iframe><\/p>\n<\/td>\n<\/tr>\n<tr>\n<td>\n<p>Ausz\u00fcge aus Madama Butterfly von Puccini, Dirigent: Daniel Linton-France<\/p>\n<p><iframe loading=\"lazy\" src=\"\/\/www.youtube.com\/embed\/irUnU7lyRNk?rel=0\" width=\"749\" height=\"421\" frameborder=\"0\" allowfullscreen=\"allowfullscreen\"><\/iframe><\/p>\n<\/td>\n<\/tr>\n<tr>\n<td>\n<p>Ausz\u00fcge aus La Boh\u00e8me von Puccini, Dirigent: Daniel Linton-France<\/p>\n<p><iframe loading=\"lazy\" src=\"\/\/www.youtube.com\/embed\/aFQc-ITCCo8?rel=0\" width=\"749\" height=\"421\" frameborder=\"0\" allowfullscreen=\"allowfullscreen\"><\/iframe><\/p>\n<\/td>\n<\/tr>\n<tr>\n<td>\n<p>Ausz\u00fcge aus Die Meistersinger von N\u00fcrnberg von R. Wagner,<br \/>Dirigent: Daniel Linton-France<\/p>\n<p><iframe loading=\"lazy\" src=\"\/\/www.youtube.com\/embed\/Ey7RfwJYpLI?rel=0\" width=\"749\" height=\"421\" frameborder=\"0\" allowfullscreen=\"allowfullscreen\"><\/iframe><\/p>\n<\/td>\n<\/tr>\n<tr>\n<td>\n<p>&#8220;Die Marionetten&#8221; aus &#8220;Der Geburtstag der Infantin&#8221; von Franz Schreker,<br \/>Dirigent: Daniel Linton-France<\/p>\n<p><iframe loading=\"lazy\" src=\"\/\/www.youtube.com\/embed\/pldL7iQ5WH8?rel=0\" width=\"749\" height=\"421\" frameborder=\"0\" allowfullscreen=\"allowfullscreen\"><\/iframe><\/p>\n<\/td>\n<\/tr>\n<tr>\n<td>\n<p>&#8220;Zigeunerlieder&#8221; Opus 103 von Johannes Brahms.<br \/>Mezzosopran: Martha Hirschmann,<br \/>Klavier: Daniel Linton-France<\/p>\n<p><iframe loading=\"lazy\" src=\"\/\/www.youtube.com\/embed\/ZVL8kVGAn6c?rel=0\" width=\"749\" height=\"421\" frameborder=\"0\" allowfullscreen=\"allowfullscreen\"><\/iframe><\/p>\n<\/td>\n<\/tr>\n<tr>\n<td>\n<p>&#8220;Der Kinderkreuzzug&#8221; Musik von Benjamin Britten, Text von Berthold Brecht.<br \/>Kinderchor des Linzer Landestheaters,<br \/>Dirigent: Daniel Linton-France<\/p>\n<p><iframe loading=\"lazy\" src=\"https:\/\/www.youtube.com\/embed\/zwpa9GxnMKY?rel=0\" width=\"749\" height=\"421\" frameborder=\"0\" allowfullscreen=\"allowfullscreen\">&amp;amp;amp;gt;<\/iframe><\/p>\n<\/td>\n<\/tr>\n<tr>\n<td>\n<p>&#8220;Living Room Artists, Konzert Nr 2&#8221;<\/p>\n<p><iframe loading=\"lazy\" src=\"\/\/www.youtube.com\/embed\/472gdqFJt38?rel=0\" width=\"749\" height=\"421\" frameborder=\"0\" allowfullscreen=\"allowfullscreen\"><\/iframe><\/p>\n<\/td>\n<\/tr>\n<tr>\n<td>\n<p>&#8220;Living Room Artists, Konzert Nr 3&#8221;<\/p>\n<p><iframe loading=\"lazy\" src=\"\/\/www.youtube.com\/embed\/CVAcMJd31Vs?rel=0\" width=\"749\" height=\"421\" frameborder=\"0\" allowfullscreen=\"allowfullscreen\"><\/iframe><\/p>\n<\/td>\n<\/tr>\n<tr>\n<td valign=\"top\">\n<p>Chaconne for clarinet violoncello and piano\u00a0<\/p>\n<p>by Daniel Linton-France<\/p>\n<p><iframe loading=\"lazy\" src=\"https:\/\/www.youtube.com\/embed\/WASAkIwdffQ\" width=\"749\" height=\"421\" frameborder=\"0\" allowfullscreen=\"allowfullscreen\"><\/iframe><\/p>\n<\/td>\n<\/tr>\n<tr>\n<td valign=\"top\">\n<p>Dance for clarinet violoncello and piano<\/p>\n<p>by Daniel Linton-France<\/p>\n<p><iframe loading=\"lazy\" src=\"https:\/\/www.youtube.com\/embed\/KAONZap9gKA\" width=\"749\" height=\"421\" frameborder=\"0\" allowfullscreen=\"allowfullscreen\"><\/iframe><\/p>\n<\/td>\n<\/tr>\n<tr>\n<td valign=\"top\">\n<p>Fantasie &#8220;Du bist die Ruh&#8221; \u00fcber ein Thema von Franz Schubert<\/p>\n<p>von Daniel Linton-France<\/p>\n<p><iframe loading=\"lazy\" src=\"https:\/\/www.youtube.com\/embed\/Jh8fBfiP5lI\" width=\"749\" height=\"421\" frameborder=\"0\" allowfullscreen=\"allowfullscreen\"><\/iframe><\/p>\n<\/td>\n<\/tr>\n<\/tbody>\n<\/table>\n\n\n<p class=\"has-medium-font-size\">\u201eIn einer Zauberstunde\u201c- Fantasie f\u00fcr Fl\u00f6te und Klavier <\/p>\n\n\n\n<p class=\"has-medium-font-size\">von Daniel Linton-France<\/p>\n\n\n\n<figure class=\"wp-block-embed is-type-rich is-provider-soundcloud wp-block-embed-soundcloud\"><div class=\"wp-block-embed__wrapper\">\n<iframe loading=\"lazy\" title=\"\u201eIn einer Zauberstunde\u201c- Fantasy for Flute and Piano by Daniel Linton-France by Lindenfranz\" width=\"500\" height=\"400\" scrolling=\"no\" frameborder=\"no\" src=\"https:\/\/w.soundcloud.com\/player\/?visual=true&#038;url=https%3A%2F%2Fapi.soundcloud.com%2Ftracks%2F966855388&#038;show_artwork=true&#038;maxheight=750&#038;maxwidth=500\"><\/iframe>\n<\/div><\/figure>\n","protected":false},"excerpt":{"rendered":"<p>&#8220;Episoden von Kerel und Galvin&#8221; &#8211; eine kurze Reiseoper von Daniel Linton-France \u00a0https:\/\/mediathek.mdw.ac.at\/episodenkerel \u00a0 &#8220;Die Seejungfrau&#8221; von Alexander Zemlinsky, Dirigent: Daniel Linton-France \u00a0 Ausz\u00fcge aus Cosi fan tutte von W.A. Mozart, Dirigent: Daniel Linton-France Ausz\u00fcge aus Madama Butterfly von Puccini, Dirigent: Daniel Linton-France Ausz\u00fcge aus La Boh\u00e8me von Puccini, Dirigent: Daniel Linton-France Ausz\u00fcge aus Die [&hellip;]<\/p>\n","protected":false},"author":1,"featured_media":0,"parent":0,"menu_order":3,"comment_status":"open","ping_status":"open","template":"","meta":{"footnotes":""},"class_list":["post-383","page","type-page","status-publish","hentry"],"_links":{"self":[{"href":"https:\/\/www.daniellinton-france.com\/index.php?rest_route=\/wp\/v2\/pages\/383","targetHints":{"allow":["GET"]}}],"collection":[{"href":"https:\/\/www.daniellinton-france.com\/index.php?rest_route=\/wp\/v2\/pages"}],"about":[{"href":"https:\/\/www.daniellinton-france.com\/index.php?rest_route=\/wp\/v2\/types\/page"}],"author":[{"embeddable":true,"href":"https:\/\/www.daniellinton-france.com\/index.php?rest_route=\/wp\/v2\/users\/1"}],"replies":[{"embeddable":true,"href":"https:\/\/www.daniellinton-france.com\/index.php?rest_route=%2Fwp%2Fv2%2Fcomments&post=383"}],"version-history":[{"count":130,"href":"https:\/\/www.daniellinton-france.com\/index.php?rest_route=\/wp\/v2\/pages\/383\/revisions"}],"predecessor-version":[{"id":1057,"href":"https:\/\/www.daniellinton-france.com\/index.php?rest_route=\/wp\/v2\/pages\/383\/revisions\/1057"}],"wp:attachment":[{"href":"https:\/\/www.daniellinton-france.com\/index.php?rest_route=%2Fwp%2Fv2%2Fmedia&parent=383"}],"curies":[{"name":"wp","href":"https:\/\/api.w.org\/{rel}","templated":true}]}}