{"id":201,"date":"2011-09-05T18:15:40","date_gmt":"2011-09-05T18:15:40","guid":{"rendered":"http:\/\/www.daniellinton-france.com\/?page_id=201"},"modified":"2017-03-07T15:24:48","modified_gmt":"2017-03-07T13:24:48","slug":"repertoire-kammermusik","status":"publish","type":"page","link":"https:\/\/www.daniellinton-france.com\/en\/?page_id=201","title":{"rendered":"Repertoire"},"content":{"rendered":"<p><img decoding=\"async\" src=\"http:\/\/www.daniellinton-france.com\/en\/wp-content\/uploads\/reportoire_new.jpg\"><\/p>\n<h3><strong>Repertoire &#8211; Conductor:<\/strong><\/h3>\n<p><a href=\"http:\/\/www.daniellinton-france.com\/en\/?page_id=197\">Music theatre<\/a><\/p>\n<p><a href=\"http:\/\/www.daniellinton-france.com\/en\/?page_id=188\">Concert<\/a><\/p>\n<h3><strong>Repertoire &#8211; Pianist:<\/strong><\/h3>\n<p><a href=\"http:\/\/www.daniellinton-france.com\/en\/?page_id=199\">Solo<\/a><\/p>\n<p><a href=\"http:\/\/www.daniellinton-france.com\/en\/?page_id=201\">Chamber music<\/a><\/p>\n<table style=\"border-collapse: collapse; table-layout: fixed;\" width=\"474\" border=\"0\" cellspacing=\"0\" cellpadding=\"0\">\n<colgroup>\n<col class=\"xl27\" width=\"75\" \/>\n<col class=\"xl25\" width=\"75\" \/>\n<col class=\"xl25\" width=\"324\" \/><\/colgroup>\n<tbody>\n<tr>\n<td class=\"xl27\" colspan=\"2\" height=\"15\">J.S. Bach<\/td>\n<td class=\"xl25\">Gambensonate in G Dur BWV 1027<\/td>\n<\/tr>\n<tr>\n<td class=\"xl27\" height=\"15\"><\/td>\n<td class=\"xl25\"><\/td>\n<td class=\"xl25\"><\/td>\n<\/tr>\n<tr>\n<td class=\"xl27\" colspan=\"2\" height=\"15\"><\/td>\n<td class=\"xl25\">Fl\u00f6tensonate in g moll BWV 1020<\/td>\n<\/tr>\n<tr>\n<td class=\"xl27\" height=\"15\"><\/td>\n<td class=\"xl25\"><\/td>\n<td class=\"xl25\"><\/td>\n<\/tr>\n<tr>\n<td class=\"xl27\" height=\"15\"><\/td>\n<td class=\"xl25\"><\/td>\n<td class=\"xl25\"><\/td>\n<\/tr>\n<tr>\n<td class=\"xl27\" colspan=\"2\" height=\"15\">L. van Beethoven<\/td>\n<td class=\"xl25\">Trio f\u00fcr Klarinette, Violoncello und Klavier Opus 11<\/td>\n<\/tr>\n<tr>\n<td class=\"xl27\" height=\"15\"><\/td>\n<td class=\"xl25\"><\/td>\n<td class=\"xl25\"><\/td>\n<\/tr>\n<tr>\n<td class=\"xl27\" colspan=\"2\" height=\"15\"><\/td>\n<td class=\"xl25\">Quintett f\u00fcr Klavier und Bl\u00e4ser Opus 16<\/td>\n<\/tr>\n<tr>\n<td class=\"xl27\" height=\"15\"><\/td>\n<td class=\"xl25\"><\/td>\n<td class=\"xl25\"><\/td>\n<\/tr>\n<tr>\n<td class=\"xl27\" height=\"15\"><\/td>\n<td class=\"xl25\"><\/td>\n<td class=\"xl25\">Sonate f\u00fcr Violoncello und Klavier in A Opus 69<\/td>\n<\/tr>\n<tr>\n<td class=\"xl27\" height=\"15\"><\/td>\n<td class=\"xl25\"><\/td>\n<td class=\"xl25\"><\/td>\n<\/tr>\n<tr>\n<td class=\"xl27\" height=\"15\"><\/td>\n<td class=\"xl25\"><\/td>\n<td class=\"xl25\">Sonate f\u00fcr Violoncello und Klavier in C Opus 102\/1<\/td>\n<\/tr>\n<tr>\n<td class=\"xl27\" height=\"15\"><\/td>\n<td class=\"xl25\"><\/td>\n<td class=\"xl25\"><\/td>\n<\/tr>\n<tr>\n<td class=\"xl27\" height=\"15\"><\/td>\n<td class=\"xl25\"><\/td>\n<td class=\"xl25\"><\/td>\n<\/tr>\n<tr>\n<td class=\"xl27\" colspan=\"2\" height=\"15\">Schubert<\/td>\n<td class=\"xl25\">Arpeggione Sonate in a, D. 821<\/td>\n<\/tr>\n<tr>\n<td class=\"xl27\" height=\"15\"><\/td>\n<td class=\"xl25\"><\/td>\n<td class=\"xl25\"><\/td>\n<\/tr>\n<tr>\n<td class=\"xl27\" height=\"15\"><\/td>\n<td class=\"xl25\"><\/td>\n<td class=\"xl25\">Variationen \u00fcber das Lied &#8220;Trockne Blumen&#8221; f\u00fcr Fl\u00f6te<\/td>\n<\/tr>\n<tr>\n<td class=\"xl27\" height=\"15\"><\/td>\n<td class=\"xl25\"><\/td>\n<td class=\"xl25\">und Klavier D. 802<\/td>\n<\/tr>\n<tr>\n<td class=\"xl27\" height=\"15\"><\/td>\n<td class=\"xl25\"><\/td>\n<td class=\"xl25\"><\/td>\n<\/tr>\n<tr>\n<td class=\"xl27\" height=\"15\"><\/td>\n<td class=\"xl25\"><\/td>\n<td class=\"xl25\"><\/td>\n<\/tr>\n<tr>\n<td class=\"xl27\" colspan=\"2\" height=\"15\">Weber<\/td>\n<td class=\"xl25\">Trio f\u00fcr Fl\u00f6te, Violoncello und Klavier Opus 63<\/td>\n<\/tr>\n<tr>\n<td class=\"xl27\" height=\"15\"><\/td>\n<td class=\"xl25\"><\/td>\n<td class=\"xl25\"><\/td>\n<\/tr>\n<tr>\n<td class=\"xl27\" height=\"15\"><\/td>\n<td class=\"xl25\"><\/td>\n<td class=\"xl25\"><\/td>\n<\/tr>\n<tr>\n<td class=\"xl27\" colspan=\"2\" height=\"15\">Schumann<\/td>\n<td class=\"xl25\">Romanzen f\u00fcr Oboe und Klavier Opus 94<\/td>\n<\/tr>\n<tr>\n<td class=\"xl27\" height=\"15\"><\/td>\n<td class=\"xl25\"><\/td>\n<td class=\"xl25\"><\/td>\n<\/tr>\n<tr>\n<td class=\"xl27\" height=\"15\"><\/td>\n<td class=\"xl25\"><\/td>\n<td class=\"xl25\"><\/td>\n<\/tr>\n<tr>\n<td class=\"xl27\" colspan=\"2\" height=\"15\">Brahms<\/td>\n<td class=\"xl25\">Sonate in e moll Opus 38 f\u00fcr Violoncello und Klavier<\/td>\n<\/tr>\n<tr>\n<td class=\"xl27\" height=\"15\"><\/td>\n<td class=\"xl25\"><\/td>\n<td class=\"xl25\"><\/td>\n<\/tr>\n<tr>\n<td class=\"xl27\" colspan=\"2\" height=\"15\"><\/td>\n<td class=\"xl25\">Sonate in f Moll Opus 120\/1 f\u00fcr Klarinette und Klavier<\/td>\n<\/tr>\n<tr>\n<td class=\"xl27\" height=\"15\"><\/td>\n<td class=\"xl25\"><\/td>\n<td class=\"xl25\"><\/td>\n<\/tr>\n<tr>\n<td class=\"xl27\" colspan=\"2\" height=\"15\"><\/td>\n<td class=\"xl25\">Sonate in G Dur Opus 78 f\u00fcr Violine und Klavier<\/td>\n<\/tr>\n<tr>\n<td class=\"xl27\" height=\"15\"><\/td>\n<td class=\"xl25\"><\/td>\n<td class=\"xl25\"><\/td>\n<\/tr>\n<tr>\n<td class=\"xl27\" height=\"15\"><\/td>\n<td class=\"xl25\"><\/td>\n<td class=\"xl25\"><\/td>\n<\/tr>\n<tr>\n<td class=\"xl27\" colspan=\"2\" height=\"15\">Debussy<\/td>\n<td class=\"xl25\">Sonate f\u00fcr Violoncello und Klavier<\/td>\n<\/tr>\n<tr>\n<td class=\"xl27\" height=\"15\"><\/td>\n<td class=\"xl25\"><\/td>\n<td class=\"xl25\"><\/td>\n<\/tr>\n<tr>\n<td class=\"xl27\" height=\"15\"><\/td>\n<td class=\"xl25\"><\/td>\n<td class=\"xl25\"><\/td>\n<\/tr>\n<tr>\n<td class=\"xl27\" colspan=\"2\" height=\"15\">Roussel<\/td>\n<td class=\"xl25\">Jouers de Flute Opus 27<\/td>\n<\/tr>\n<tr>\n<td class=\"xl27\" height=\"15\"><\/td>\n<td class=\"xl25\"><\/td>\n<td class=\"xl25\"><\/td>\n<\/tr>\n<tr>\n<td class=\"xl27\" height=\"15\"><\/td>\n<td class=\"xl25\"><\/td>\n<td class=\"xl25\"><\/td>\n<\/tr>\n<tr>\n<td class=\"xl27\" colspan=\"2\" height=\"15\">Stravinsky<\/td>\n<td class=\"xl25\">Suite Italienne f\u00fcr Violoncello und Klavier<\/td>\n<\/tr>\n<tr>\n<td class=\"xl27\" height=\"15\"><\/td>\n<td class=\"xl25\"><\/td>\n<td class=\"xl25\"><\/td>\n<\/tr>\n<tr>\n<td class=\"xl27\" height=\"15\"><\/td>\n<td class=\"xl25\"><\/td>\n<td class=\"xl25\"><\/td>\n<\/tr>\n<tr>\n<td class=\"xl27\" colspan=\"2\" height=\"15\">Prokofiev<\/td>\n<td class=\"xl25\">Sonate in D Dur Opus 94 f\u00fcr Fl\u00f6te und Klavier<\/td>\n<\/tr>\n<tr>\n<td class=\"xl27\" height=\"15\"><\/td>\n<td class=\"xl25\"><\/td>\n<td class=\"xl25\"><\/td>\n<\/tr>\n<tr style=\"page-break-before: always;\">\n<td class=\"xl27\" height=\"15\"><\/td>\n<td class=\"xl25\"><\/td>\n<td class=\"xl25\"><\/td>\n<\/tr>\n<tr>\n<td class=\"xl27\" colspan=\"2\" height=\"15\">Poulenc<\/td>\n<td class=\"xl25\">Sonate f\u00fcr Flute und Klavier<\/td>\n<\/tr>\n<tr>\n<td class=\"xl27\" colspan=\"2\" height=\"15\"><\/td>\n<td class=\"xl25\"><\/td>\n<\/tr>\n<tr>\n<td class=\"xl27\" height=\"15\"><\/td>\n<td class=\"xl25\"><\/td>\n<td class=\"xl25\">Trio f\u00fcr Oboe, Fagott und Klavier<\/td>\n<\/tr>\n<tr>\n<td class=\"xl27\" height=\"15\"><\/td>\n<td class=\"xl25\"><\/td>\n<td class=\"xl25\"><\/td>\n<\/tr>\n<tr>\n<td class=\"xl27\" height=\"15\"><\/td>\n<td class=\"xl25\"><\/td>\n<td class=\"xl25\"><\/td>\n<\/tr>\n<tr>\n<td class=\"xl27\" colspan=\"2\" height=\"15\">Linton-France<\/td>\n<td class=\"xl25\">Zwei S\u00e4tze, `Tanz und Chaconne\u00b4 f\u00fcr Klarinette, Violoncello und Klavier<\/td>\n<\/tr>\n<tr>\n<td class=\"xl27\" height=\"15\"><\/td>\n<td class=\"xl25\"><\/td>\n<td class=\"xl25\"><\/td>\n<\/tr>\n<tr>\n<td class=\"xl25\" height=\"15\"><\/td>\n<td class=\"xl25\"><\/td>\n<td class=\"xl25\"><\/td>\n<\/tr>\n<tr>\n<td class=\"xl27\" colspan=\"2\" height=\"15\">Martinu<\/td>\n<td class=\"xl25\">Trio f\u00fcr Fl\u00f6te, Violoncello und Klavier<\/td>\n<\/tr>\n<tr>\n<td class=\"xl27\" height=\"15\"><\/td>\n<td class=\"xl25\"><\/td>\n<td class=\"xl25\"><\/td>\n<\/tr>\n<tr>\n<td class=\"xl25\" height=\"15\"><\/td>\n<td class=\"xl25\"><\/td>\n<td class=\"xl25\"><\/td>\n<\/tr>\n<tr>\n<td class=\"xl27\" colspan=\"2\" height=\"15\">Jolivet<\/td>\n<td class=\"xl25\">Chant de Linos f\u00fcr Fl\u00f6te und Klavier<\/td>\n<\/tr>\n<tr>\n<td class=\"xl27\" height=\"15\"><\/td>\n<td class=\"xl25\"><\/td>\n<td class=\"xl25\"><\/td>\n<\/tr>\n<tr>\n<td class=\"xl27\" height=\"15\"><\/td>\n<td class=\"xl25\"><\/td>\n<td class=\"xl25\"><\/td>\n<\/tr>\n<tr>\n<td class=\"xl27\" colspan=\"2\" height=\"15\">Messiaen<\/td>\n<td class=\"xl25\">Le Merle Noir f\u00fcr Fl\u00f6te und Klavier<\/td>\n<\/tr>\n<tr>\n<td class=\"xl27\" height=\"15\"><\/td>\n<td class=\"xl25\"><\/td>\n<td class=\"xl25\"><\/td>\n<\/tr>\n<tr>\n<td class=\"xl27\" height=\"15\"><\/td>\n<td class=\"xl25\"><\/td>\n<td class=\"xl25\"><\/td>\n<\/tr>\n<tr>\n<td class=\"xl27\" colspan=\"2\" height=\"15\">Isang Yun<\/td>\n<td class=\"xl25\">Garak f\u00fcr Fl\u00f6te und Klavier<\/td>\n<\/tr>\n<\/tbody>\n<\/table>\n<p><a href=\"http:\/\/www.daniellinton-france.com\/en\/?page_id=203\">Song<\/a><\/p>\n","protected":false},"excerpt":{"rendered":"<p>Repertoire &#8211; Conductor: Music theatre Concert Repertoire &#8211; Pianist: Solo Chamber music J.S. Bach Gambensonate in G Dur BWV 1027 Fl\u00f6tensonate in g moll BWV 1020 L. van Beethoven Trio f\u00fcr Klarinette, Violoncello und Klavier Opus 11 Quintett f\u00fcr Klavier und Bl\u00e4ser Opus 16 Sonate f\u00fcr Violoncello und Klavier in A Opus 69 Sonate f\u00fcr [&hellip;]<\/p>\n","protected":false},"author":1,"featured_media":0,"parent":61,"menu_order":0,"comment_status":"open","ping_status":"open","template":"","meta":{"footnotes":""},"class_list":["post-201","page","type-page","status-publish","hentry"],"aioseo_notices":[],"_links":{"self":[{"href":"https:\/\/www.daniellinton-france.com\/en\/index.php?rest_route=\/wp\/v2\/pages\/201","targetHints":{"allow":["GET"]}}],"collection":[{"href":"https:\/\/www.daniellinton-france.com\/en\/index.php?rest_route=\/wp\/v2\/pages"}],"about":[{"href":"https:\/\/www.daniellinton-france.com\/en\/index.php?rest_route=\/wp\/v2\/types\/page"}],"author":[{"embeddable":true,"href":"https:\/\/www.daniellinton-france.com\/en\/index.php?rest_route=\/wp\/v2\/users\/1"}],"replies":[{"embeddable":true,"href":"https:\/\/www.daniellinton-france.com\/en\/index.php?rest_route=%2Fwp%2Fv2%2Fcomments&post=201"}],"version-history":[{"count":19,"href":"https:\/\/www.daniellinton-france.com\/en\/index.php?rest_route=\/wp\/v2\/pages\/201\/revisions"}],"predecessor-version":[{"id":612,"href":"https:\/\/www.daniellinton-france.com\/en\/index.php?rest_route=\/wp\/v2\/pages\/201\/revisions\/612"}],"up":[{"embeddable":true,"href":"https:\/\/www.daniellinton-france.com\/en\/index.php?rest_route=\/wp\/v2\/pages\/61"}],"wp:attachment":[{"href":"https:\/\/www.daniellinton-france.com\/en\/index.php?rest_route=%2Fwp%2Fv2%2Fmedia&parent=201"}],"curies":[{"name":"wp","href":"https:\/\/api.w.org\/{rel}","templated":true}]}}